{"id":9,"date":"2012-12-04T12:45:34","date_gmt":"2012-12-04T12:45:34","guid":{"rendered":"http:\/\/primaverafilmes.wordpress.com\/?page_id=2"},"modified":"2017-09-08T01:18:34","modified_gmt":"2017-09-08T01:18:34","slug":"about","status":"publish","type":"page","link":"http:\/\/primaverafilmes.com.br\/site\/about\/","title":{"rendered":"Sobre"},"content":{"rendered":"<p style=\"text-align: center;\"><a href=\"http:\/\/primaverafilmes.wordpress.com\/about\/primavera-novo-geral\/\" rel=\"attachment wp-att-36\"><img loading=\"lazy\" decoding=\"async\" class=\"alignnone size-medium wp-image-36\" src=\"http:\/\/primaverafilmes.com.br\/site\/wp-content\/uploads\/2012\/12\/primavera-novo-geral.png?w=300\" alt=\"primavera novo geral\" width=\"300\" height=\"85\" srcset=\"http:\/\/primaverafilmes.com.br\/site\/wp-content\/uploads\/2012\/12\/primavera-novo-geral.png 2001w, http:\/\/primaverafilmes.com.br\/site\/wp-content\/uploads\/2012\/12\/primavera-novo-geral-300x86.png 300w, http:\/\/primaverafilmes.com.br\/site\/wp-content\/uploads\/2012\/12\/primavera-novo-geral-1024x292.png 1024w\" sizes=\"auto, (max-width: 300px) 100vw, 300px\" \/><\/a><\/p>\n<p>A Primavera \u00e9 uma empresa inovadora que se adapta ao contexto e ao p\u00fablico-alvo dos projetos que desenvolve.<\/p>\n<p>Com <em>expertise<\/em> em gera\u00e7\u00e3o de conte\u00fados de qualidade nas \u00e1reas de educa\u00e7\u00e3o e cultura, a Primavera Filmes integra m\u00faltiplas tecnologias no desenvolvimento, coordena\u00e7\u00e3o, edi\u00e7\u00e3o e monitoramento dos seus projetos.<\/p>\n<p>Trabalha com uma equipe multidisciplinar, apoiada por uma rede nacional de colaboradores, de forma a oferecer maior versatilidade, ader\u00eancia aos objetivos de cada projeto e solu\u00e7\u00f5es criativas\u00a0para uma otimiza\u00e7\u00e3o de custos e garantia de qualidade.<\/p>\n<p style=\"text-align: center;\">\n<p style=\"text-align: center;\"><strong>BEM VINDO AO AMBIENTE DA PRIMAVERA FILMES!<\/strong><\/p>\n<p style=\"text-align: center;\"><iframe loading=\"lazy\" src=\"https:\/\/www.youtube.com\/embed\/A23wrp4Yr6Q\" width=\"560\" height=\"315\" frameborder=\"0\" allowfullscreen=\"allowfullscreen\"><\/iframe><\/p>\n<p>&nbsp;<\/p>\n<p>&nbsp;<\/p>\n","protected":false},"excerpt":{"rendered":"<p>A Primavera \u00e9 uma empresa inovadora que se adapta ao contexto e ao p\u00fablico-alvo dos projetos que desenvolve. Com expertise em gera\u00e7\u00e3o de conte\u00fados de qualidade nas \u00e1reas de educa\u00e7\u00e3o e cultura, a Primavera Filmes integra m\u00faltiplas tecnologias no desenvolvimento, coordena\u00e7\u00e3o, edi\u00e7\u00e3o e monitoramento dos seus projetos. Trabalha com uma equipe multidisciplinar, apoiada por uma [&hellip;]<\/p>\n","protected":false},"author":1,"featured_media":0,"parent":0,"menu_order":2,"comment_status":"closed","ping_status":"closed","template":"","meta":{"footnotes":""},"class_list":["post-9","page","type-page","status-publish","hentry"],"_links":{"self":[{"href":"http:\/\/primaverafilmes.com.br\/site\/wp-json\/wp\/v2\/pages\/9","targetHints":{"allow":["GET"]}}],"collection":[{"href":"http:\/\/primaverafilmes.com.br\/site\/wp-json\/wp\/v2\/pages"}],"about":[{"href":"http:\/\/primaverafilmes.com.br\/site\/wp-json\/wp\/v2\/types\/page"}],"author":[{"embeddable":true,"href":"http:\/\/primaverafilmes.com.br\/site\/wp-json\/wp\/v2\/users\/1"}],"replies":[{"embeddable":true,"href":"http:\/\/primaverafilmes.com.br\/site\/wp-json\/wp\/v2\/comments?post=9"}],"version-history":[{"count":2,"href":"http:\/\/primaverafilmes.com.br\/site\/wp-json\/wp\/v2\/pages\/9\/revisions"}],"predecessor-version":[{"id":2474,"href":"http:\/\/primaverafilmes.com.br\/site\/wp-json\/wp\/v2\/pages\/9\/revisions\/2474"}],"wp:attachment":[{"href":"http:\/\/primaverafilmes.com.br\/site\/wp-json\/wp\/v2\/media?parent=9"}],"curies":[{"name":"wp","href":"https:\/\/api.w.org\/{rel}","templated":true}]}}