{"id":30,"date":"2012-12-04T17:16:29","date_gmt":"2012-12-04T17:16:29","guid":{"rendered":"http:\/\/primaverafilmes.wordpress.com\/?page_id=30"},"modified":"2016-02-24T18:53:29","modified_gmt":"2016-02-24T18:53:29","slug":"equipe","status":"publish","type":"page","link":"http:\/\/primaverafilmes.com.br\/site\/equipe\/","title":{"rendered":"Equipe"},"content":{"rendered":"<p style=\"text-align: center;\"><a href=\"http:\/\/primaverafilmes.wordpress.com\/about\/primavera-novo-geral\/\" rel=\"attachment wp-att-36\"><img loading=\"lazy\" decoding=\"async\" class=\"size-medium wp-image-36 aligncenter\" src=\"http:\/\/primaverafilmes.com.br\/site\/wp-content\/uploads\/2012\/12\/primavera-novo-geral.png?w=300\" alt=\"primavera novo geral\" width=\"300\" height=\"85\" srcset=\"http:\/\/primaverafilmes.com.br\/site\/wp-content\/uploads\/2012\/12\/primavera-novo-geral.png 2001w, http:\/\/primaverafilmes.com.br\/site\/wp-content\/uploads\/2012\/12\/primavera-novo-geral-300x86.png 300w, http:\/\/primaverafilmes.com.br\/site\/wp-content\/uploads\/2012\/12\/primavera-novo-geral-1024x292.png 1024w\" sizes=\"auto, (max-width: 300px) 100vw, 300px\" \/><\/a><\/p>\n<table border=\"1\" cellpadding=\"0\" align=\"left\">\n<tbody>\n<tr>\n<td width=\"360\">A Primavera trabalha sua equipe utilizando o conceito e rede.\u00a0Colaboradores de diversas\u00a0\u00e1reas s\u00e3o acionados de acordo com o tema\/foco do projeto a ser realizado. Essa din\u00e2mica de trabalho cria uma equipe afinada e voltada especificamente para cada projeto, e, ao mesmo tempo, garante uma maior competitividade, pois uma equipe eficiente, enxuta e talentosa evita desperd\u00edcios de tempo e ideias.<\/td>\n<\/tr>\n<tr>\n<td width=\"360\">Colaboradores principais:<\/td>\n<\/tr>\n<tr>\n<td width=\"360\"><span style=\"color: #008000;\"><b>C\u00e9lia Harumi Seki<\/b><\/span><\/td>\n<\/tr>\n<tr>\n<td width=\"360\">Diretora da Primavera, formou-se em Antropologia, fez Mestrado e Doutorado na \u00e1rea de \u201cCinema e Literatura\u201d pelo Departamento de Cinema do Instituto de Artes da Unicamp. Foi diretora, produtora, entrevistadora e editora de programas na R\u00e1dio e TV da mesma institui\u00e7\u00e3o. Dedicou-se \u00e0 cria\u00e7\u00e3o e produ\u00e7\u00e3o de projetos experimentais, art\u00edstico-culturais em produ\u00e7\u00f5es na \u00e1rea de cinema, v\u00eddeo e literatura, dentre eles: curtas premiados como o Hist\u00f3rias de Concreto e o Brincando de Gente Grande, organiza\u00e7\u00f5es de eventos como a Transubstancia\u00e7\u00e3o, Semana de Artes Visuais e Sonoras, a Mostra Curta Audiovisual de Campinas &#8211; edi\u00e7\u00e3o 1-3, o Pr\u00e9-lan\u00e7amento do filme Nina de Heitor Dhalia, o Cineclube Taturana, e centenas de\u00a0drops educacionais para a Saraiva Editora e v\u00eddeos entrevistas de arte\/cultura para a Revista Raiz. Tamb\u00e9m realizou projetos gr\u00e1ficos, capas e editora\u00e7\u00e3o de livros, destacando o projeto gr\u00e1fico capa\/miolo da colet\u00e2nea de mitos kamaiur\u00e1 \u201dJene ramyjwena juru pytsaret: O que habitava a boca de nossos ancestrais\u201d de Lucy Seki, Museu do \u00cdndio- FUNAI 2010; e\u00a0um trabalho de parceria com institui\u00e7\u00f5es culturais e de ensino, <span class=\"Apple-style-span\">editorando v\u00e1rios livros de poetas da<\/span>\u00a0Cooperifa, e <span class=\"Apple-style-span\">com o projeto gr\u00e1fico e capas de todas as edi\u00e7\u00f5es da revista Liames- L\u00ednguas Ind\u00edgenas Americanas d<\/span>o Departamento de Ling\u00fc\u00edstica do Instituto de Estudos da Linguagem da Unicamp.<\/td>\n<\/tr>\n<tr>\n<td width=\"360\"><span style=\"color: #333399;\"><b>Cristina Astolfi<\/b><\/span><\/td>\n<\/tr>\n<tr>\n<td width=\"360\">Graduada em Antropologia pela Universidade Estadual de Campinas (Unicamp) e especialista em Tecnologias Interativas Aplicadas \u00e0 Educa\u00e7\u00e3o pela Pontif\u00edcia Universidade Cat\u00f3lica de S\u00e3o Paulo (PUC-SP), \u00e9 redatora, editora em m\u00faltiplas m\u00eddias e produtora cultural. Atuou no Instituto Alana, na Funda\u00e7\u00e3o Roberto Marinho (projetos Museu da L\u00edngua Portuguesa-Forma\u00e7\u00e3o de Educadores e Telecurso TEC), na Editora Editacuja (ex-s\u00f3cia-fundadora) e na Editora Saraiva. \u00c9 colaboradora da Revista Raiz, escrevendo reportagens e artigos. Recentemente foi respons\u00e1vel pela roteiriza\u00e7\u00e3o de jogos educacionais digitais para crian\u00e7as, na Editora Saraiva, e pela edi\u00e7\u00e3o do livro\u00a0<i>O que habitava a boca de nossos ancestrais-colet\u00e2nea bil\u00edngue de mitos kamaiur\u00e1<\/i>, de Lucy Seki, publicado pela parceria entre Museu do \u00cdndio e Funda\u00e7\u00e3o Nacional do \u00cdndio (FUNAI).<b>\u00a0<\/b><\/td>\n<\/tr>\n<tr>\n<td width=\"360\"><span style=\"color: #008000;\"><b><b>Edgard Steffen Junior<\/b><\/b><\/span><\/td>\n<\/tr>\n<tr>\n<td width=\"360\">Respons\u00e1vel pelo Planejamento e Atendimento de v\u00e1rios projetos da Primavera, Edgard fez MBA no Ibmec com especializa\u00e7\u00e3o em Dire\u00e7\u00e3o Estrat\u00e9gica de Marketing, da GVPEC-FGV (S\u00e3o Paulo-SP, 2000), Gest\u00e3o Estrat\u00e9gica de Custos com John Shank, HSM Education (S\u00e3o Paulo-SP, 2002) e Marketing na Era da Informa\u00e7\u00e3o com Philip Kotler, HSM Education (S\u00e3o Paulo-SP, 2002). Atua na \u00e1rea de Comunica\u00e7\u00e3o e Marketing, sendo especializado em Internet e novas m\u00eddias, atendeu grandes empresas do pa\u00eds como: Klabin, Suzano, Votorantim, Int. Paper, SP Alpargatas, Citibank, Ibope, HP, Nestl\u00e9, TVA, Engefood, Grupo Bar Brahma dentre outras. Foi Gerente de Canais na Positivo Inform\u00e1tica: Converg\u00eancia Digital, \u00e9 publisher da Revista Raiz e de outras publica\u00e7\u00f5es como: Teia MINC, Almanaque Cultura e Transforma\u00e7\u00e3o Social SESC, A arte vision\u00e1ria de Ranchinho, entre outros. Tem uma vasta experi\u00eancia em dire\u00e7\u00e3o eventos, destacando, entre eles: Carnaval S\u00e3o Paulo\/SP, Carnaval Olinda\/PE, Eventos municipais Juazeiro\/BA, Teia\/SP e Teia\/CE.<b>\u00a0<\/b><\/td>\n<\/tr>\n<tr>\n<td width=\"360\"><span style=\"color: #333399;\"><b>Cabeto Rocker<\/b><\/span><\/td>\n<\/tr>\n<tr>\n<td width=\"360\">Respos\u00e1vel pela Produ\u00e7\u00e3o executiva e produ\u00e7\u00e3o de v\u00e1rios projetos Primavera, Cabeto tem uma vasta experi\u00eancia nessa \u00e1rea. Trabalhou como Assessor para diretoria do Festival Internacional de Teatro de Campinas, foi Coordenador e Produtor Executivo para Secretaria do Estado da Cultura de SP, foi produtor e diretor de palco de v\u00e1rios shows musicais como: Milton Nascimento, Z\u00e9lia Duncan, Chico C\u00e9sar, Z\u00e9 Ramalho, Orquestra Filarm\u00f4nica de Viena, entre outros.<\/td>\n<\/tr>\n<tr>\n<td width=\"360\"><span style=\"color: #008000;\"><b>Alessandro Poeta Soave<\/b><\/span><\/td>\n<\/tr>\n<tr>\n<td width=\"360\">\u00a0 Diretor, cinegrafista, t\u00e9cnico de som e editor, Alessandro fez com a Primavera diversos projetos em parceria e co-produ\u00e7\u00f5es e forma, junto com sua equipe, um bra\u00e7o da Primavera atuante no interior de S\u00e3o Paulo, externas, produ\u00e7\u00f5es espec\u00edficas e grandes produ\u00e7\u00f5es, como: Valvulado Campinas, Hist\u00f3rias de Concreto, diversos v\u00eddeos educacionais com a Saraiva Editora, diversos programas de TV.<\/td>\n<\/tr>\n<tr>\n<td width=\"360\"><span style=\"color: #333399;\"><b>Anita Silveira<\/b><\/span><\/td>\n<\/tr>\n<tr>\n<td width=\"360\">Graduada em filosofia pela Universidade Estadual de Campinas (Unicamp) e mestranda na mesma institui\u00e7\u00e3o, Anita faz pesquisas tem\u00e1ticas e escreve roteiros para v\u00eddeos educacionais, e atua como apresentadora de diversos programas produzidos pela Primavera Filmes. Tamb\u00e9m desenvolve atividades profissionais na \u00e1rea editorial como tradutora e preparadora.<\/td>\n<\/tr>\n<\/tbody>\n<\/table>\n<p>&nbsp;<\/p>\n","protected":false},"excerpt":{"rendered":"<p>A Primavera trabalha sua equipe utilizando o conceito e rede.\u00a0Colaboradores de diversas\u00a0\u00e1reas s\u00e3o acionados de acordo com o tema\/foco do projeto a ser realizado. Essa din\u00e2mica de trabalho cria uma equipe afinada e voltada especificamente para cada projeto, e, ao mesmo tempo, garante uma maior competitividade, pois uma equipe eficiente, enxuta e talentosa evita desperd\u00edcios [&hellip;]<\/p>\n","protected":false},"author":1,"featured_media":2212,"parent":0,"menu_order":4,"comment_status":"closed","ping_status":"closed","template":"","meta":{"footnotes":""},"class_list":["post-30","page","type-page","status-publish","has-post-thumbnail","hentry"],"_links":{"self":[{"href":"http:\/\/primaverafilmes.com.br\/site\/wp-json\/wp\/v2\/pages\/30","targetHints":{"allow":["GET"]}}],"collection":[{"href":"http:\/\/primaverafilmes.com.br\/site\/wp-json\/wp\/v2\/pages"}],"about":[{"href":"http:\/\/primaverafilmes.com.br\/site\/wp-json\/wp\/v2\/types\/page"}],"author":[{"embeddable":true,"href":"http:\/\/primaverafilmes.com.br\/site\/wp-json\/wp\/v2\/users\/1"}],"replies":[{"embeddable":true,"href":"http:\/\/primaverafilmes.com.br\/site\/wp-json\/wp\/v2\/comments?post=30"}],"version-history":[{"count":1,"href":"http:\/\/primaverafilmes.com.br\/site\/wp-json\/wp\/v2\/pages\/30\/revisions"}],"predecessor-version":[{"id":2213,"href":"http:\/\/primaverafilmes.com.br\/site\/wp-json\/wp\/v2\/pages\/30\/revisions\/2213"}],"wp:featuredmedia":[{"embeddable":true,"href":"http:\/\/primaverafilmes.com.br\/site\/wp-json\/wp\/v2\/media\/2212"}],"wp:attachment":[{"href":"http:\/\/primaverafilmes.com.br\/site\/wp-json\/wp\/v2\/media?parent=30"}],"curies":[{"name":"wp","href":"https:\/\/api.w.org\/{rel}","templated":true}]}}