{"id":224,"date":"2013-01-03T14:16:58","date_gmt":"2013-01-03T14:16:58","guid":{"rendered":"http:\/\/primaverafilmes.wordpress.com\/?page_id=224"},"modified":"2015-05-02T23:45:35","modified_gmt":"2015-05-02T23:45:35","slug":"processo-de-criacao-dos-curtas-metragens-historias-de-concreto-e-voltei-para-buscar-os-bolinhos","status":"publish","type":"page","link":"http:\/\/primaverafilmes.com.br\/site\/noticias\/processo-de-criacao-dos-curtas-metragens-historias-de-concreto-e-voltei-para-buscar-os-bolinhos\/","title":{"rendered":"Processo de cria\u00e7\u00e3o de dois curtas em 16mm"},"content":{"rendered":"<p>\u00c9 de repente que se sente.<\/p>\n<p>Mas a sensa\u00e7\u00e3o j\u00e1 vinha de antes, como a \u00e1gua do mar vai invadindo a areia, onda ap\u00f3s onda, e depois de uma seq\u00fc\u00eancia de ondas parecidas uma vaga te pega desprevenido deitado na beira da praia, onde durante muito tempo esteve seco, seguro. Essa sensa\u00e7\u00e3o de absurdo, de insatisfa\u00e7\u00e3o\u2026 acordei uma manh\u00e3 sentindo \u2013 enquanto dava as primeiras piscadelas no sil\u00eancio da casa vazia, ouvia o barulho dos c\u00edlios no travesseiro dobrado e meu corpo pensava se queria continuar ali e tentar dormir mais um pouco \u2013 esse vazio todo, que, naquela hora, experimentei, sensa\u00e7\u00f5es me invadindo, e vi, pressenti na imagem de um homem.<\/p>\n<p>Algumas imagens e sensa\u00e7\u00f5es surgem e persistem, outras emergem e segundos depois j\u00e1 mergulharam de volta, deixando apenas os vest\u00edgios do mergulho.<\/p>\n<p>Outras v\u00e3o aparecendo .. dias, semanas, anos seguintes, acionadas por a\u00e7\u00f5es, falas, cheiros e outras imagens. Elas est\u00e3o na mem\u00f3ria, essa que \u00e9 minha, mas cujo acesso n\u00e3o \u00e9 livre.<\/p>\n<p>Evoco uma palavra que persiste em meus pensamentos por estar relacionada ao tema que escolhi e, tamb\u00e9m, ao pr\u00f3prio ato de criar. A id\u00e9ia de entre-lugar que est\u00e1 no \u201cagora\u201d e muito al\u00e9m.<\/p>\n<p>Sua correspond\u00eancia espacial \u2013 um lugar entre-lugares n\u00e3o necessariamente palp\u00e1vel na realidade sens\u00edvel, uma passagem, um intervalo; seu car\u00e1ter temporal \u2013 onde o tempo \u00e9 aquilo que se sente.<\/p>\n<p>Estou em um entre-lugar \u2013 espa\u00e7o abstrato da cria\u00e7\u00e3o. Muitas vezes, tamb\u00e9m penso nessa palavra quando tento apontar para onde o lugar e o seu oposto se interpenetram.<\/p>\n<p>Na confus\u00e3o dos dias de hoje, t\u00e3o \u00f3bvia, t\u00e3o citada, essa sensa\u00e7\u00e3o de n\u00e3o se saber onde est\u00e1.<\/p>\n<p>Lugares que n\u00e3o mais se referem aos espa\u00e7os, territ\u00f3rios, \u00e0quilo que \u00e9 corp\u00f3reo ou material.<\/p>\n<p>Transmiss\u00f5es eletr\u00f4nicas que preenchem a id\u00e9ia de um territ\u00f3rio representado com imagens, como nos modelos matem\u00e1ticos.<\/p>\n<p>Cidades constru\u00eddas por pontos, efemeridades.<\/p>\n<p>Mem\u00f3rias desatadas de corpos.<\/p>\n<p>Afetos desenraizados.<\/p>\n<p>O lugar que j\u00e1 n\u00e3o \u00e9, pois os que o habitam n\u00e3o materializam sua id\u00e9ia, n\u00e3o mais se relacionam com o territ\u00f3rio, com seus vizinhos, com os outros. Paisagens povoadas por invisibilidades, rapidez, olhares desviados.<\/p>\n<p>A percep\u00e7\u00e3o geral de que algo desapareceu, ruptura causada por r\u00e1pidas oscila\u00e7\u00f5es, a mem\u00f3ria social que vai esmaecendo no barulho urbano.<\/p>\n<p>Essa bipolaridade entre o que nunca \u00e9 apagado e o que n\u00e3o se realiza totalmente, entre o que traz consigo um sentido, uma identidade, e o que n\u00e3o se liga a nada, pois tudo se passa ali \u2013 velocidade.<\/p>\n<p>Entre os p\u00f3los est\u00e1 novamente essa palavra \u2013 entre-lugar \u2013 esse intervalo por onde vaga o exilado.<\/p>\n<p>&nbsp;<\/p>\n<p><em>O Homem sonha.<\/em><\/p>\n<p><em>N\u00e3o \u00e9 um sono tranq\u00fcilo, \u00e9 um grito, e o eco ultrapassa fronteiras do sonho.<\/em><\/p>\n<p><em>Ele est\u00e1 andando por um descampado e v\u00ea a Mulher.<\/em><\/p>\n<p><em>Aquela que \u00e9 uma, duas, aquela que chora e que ri, olha ao mesmo tempo para frente e para tr\u00e1s.<\/em><\/p>\n<p><em>Ela ri e diz: O que voc\u00ea esperava?<\/em><\/p>\n<p><em>Ele responde: Quero de volta tudo o que te dei, fiquei vazio\u2026 sem onde\u2026estou exilado em mim mesmo. Tudo parece estranho, n\u00e3o h\u00e1 nada que eu possa abra\u00e7ar.<\/em><\/p>\n<p><em>Elas dizem: As coisas s\u00f3 podem ir em frente. A profundeza \u00e9 a maior das alturas.<\/em><\/p>\n<p><em>Ele foge e acaba encontrando-se com uma estranha alegoria que lhe entrega\u00a0<\/em><em>um bilhete, e sem que se possa ler o que est\u00e1 escrito, o sonho termina, e a cidade amanhece. <\/em><\/p>\n<p><em>O homem est\u00e1 sentado \u00e0 beira de sua cama, mas, dessa vez, seu olhar est\u00e1 diferente, indicando que muitas coisas foram reveladas.<\/em><\/p>\n<p>&nbsp;<\/p>\n<p><b>A Hist\u00f3ria da Hist\u00f3ria<\/b><\/p>\n<p>Em 2004 ao participar do 3\u00ba Festival Nacional de Cinema e V\u00eddeo Ambiental (ECOCINE), C\u00e9lia Harumi Seki e Alessandra Brum receberam, ao vencer na categoria de melhor v\u00eddeo com tema ligado \u00e0 \u00e1gua com o v\u00eddeo <strong>\u201cBrincando de Gente Grande\u201d<\/strong>, o pr\u00eamio de 10 latas de filme 16mm da empresa Kodak do Brasil e R$ 6.000,00 em aluguel de equipamentos de ilumina\u00e7\u00e3o da empresa Quanta Lightning Equipamentos\u00a0Cinematogr\u00e1ficos.<\/p>\n<p>A partir desse incentivo surgiu a inten\u00e7\u00e3o de realizar dois curtas-metragem, um com dire\u00e7\u00e3o de C\u00e9lia Harumi Seki e outro com dire\u00e7\u00e3o de Alessandra Brum e S\u00e9rgio\u00a0Puccini, dividindo o pr\u00eamio recebido entre as duas produ\u00e7\u00f5es e assumindo todos os outros custos das produ\u00e7\u00f5es. A inten\u00e7\u00e3o inicial era produzir e finalizar os curtas em pel\u00edcula 16mm.<\/p>\n<p>O curta-metragem <strong>\u201cVoltei para buscar os bolinhos\u201d<\/strong> foi dirigido por Alessandra e S\u00e9rgio e C\u00e9lia Harumi respondeu pela assist\u00eancia de dire\u00e7\u00e3o. Os tr\u00eas realizaram a produ\u00e7\u00e3o executiva dos curtas que foram filmados com o intervalo de um m\u00eas entre cada produ\u00e7\u00e3o. A equipe t\u00e9cnica foi praticamente a mesma para os dois curtas. Este projeto contou com um elenco de renome na \u00e1rea teatral, bem como uma equipe t\u00e9cnica composta por profissionais e pesquisadores das \u00e1reas de cinema, v\u00eddeo, teatro e dan\u00e7a. A maior parte da equipe trabalhou como iniciante nas fun\u00e7\u00f5es desempenhadas\u00a0na realiza\u00e7\u00e3o dos curtas-metragem, por exemplo: o Diretor de Fotografia, j\u00e1 havia desempenhado esta fun\u00e7\u00e3o em outro suporte \u2013 o v\u00eddeo, ou em pel\u00edcula 8mm -, mas nunca havia trabalhado como Diretor de Fotografia em um filme de 16mm. Esse foi um fator considerado totalmente positivo, pois de uma equipe com estas caracter\u00edsticas o empenho de pessoas que querem mostrar um bom trabalho em uma fun\u00e7\u00e3o que sempre desejaram desempenhar foi essencial e trouxe \u00e0 etapa de produ\u00e7\u00e3o\/ execu\u00e7\u00e3o a for\u00e7a e a qualidade de quem acredita verdadeiramente no projeto. Al\u00e9m disso, \u00e9 necess\u00e1rio ressaltar que devido \u00e0 dificuldade em conseguir patroc\u00ednio, toda a equipe\u00a0concordou em trabalhar de forma volunt\u00e1ria.<\/p>\n<p>O curta-metragem <strong>\u201cVoltei para buscar os bolinhos\u201d<\/strong> foi inteiramente filmado na fazenda Santa Eliza, onde fica o Instituto IAC de Campinas, utilizando somente cenas externas.\u00a0Esse curta metragem foi finalizado em 16mm com sucesso, apesar das in\u00fameras dificuldades enfrentadas.<\/p>\n<p>Assita ao curta-metragem:<\/p>\n<p><iframe loading=\"lazy\" src=\"https:\/\/www.youtube.com\/embed\/cNAusKsa_Og\" width=\"420\" height=\"315\" frameborder=\"0\" allowfullscreen=\"allowfullscreen\"><\/iframe><\/p>\n<p>&nbsp;<\/p>\n<p><iframe loading=\"lazy\" src=\"https:\/\/www.youtube.com\/embed\/ip0PeMkgkZs\" width=\"420\" height=\"315\" frameborder=\"0\" allowfullscreen=\"allowfullscreen\"><\/iframe><br \/>\nO curta-metragem <strong>\u201cHist\u00f3rias de Concreto\u201d<\/strong> come\u00e7ou a ser filmado cerca de 3 semanas depois.\u00a0Al\u00e9m do pr\u00eamio, a produ\u00e7\u00e3o pode contar com apoios de institui\u00e7\u00f5es como a R\u00e1dio eTV Unicamp, com o Departamento de Cinema do Instituto de Artes, com o Parque Ecol\u00f3gico Em\u00edlio Jos\u00e9 Salim de Campinas e com a Prefeitura de\u00a0Campinas. Al\u00e9m dessas institui\u00e7\u00f5es, tamb\u00e9m contou com o apoio de empresas do setor privado, atrav\u00e9s de permutas de alimenta\u00e7\u00e3o e o apoio especial dos moradores do edif\u00edcio Progresso, no centro da cidade, loca\u00e7\u00e3o principal do curta-metragem.<\/p>\n<p>Essa produ\u00e7\u00e3o objetivou principalmente a experi\u00eancia e o processo do fazer art\u00edstico, dando suma import\u00e2ncia \u00e0 quest\u00e3o da autoria, bem como \u00e0 experimenta\u00e7\u00e3o e desenvolvimento da linguagem audiovisual.<\/p>\n<p>A hist\u00f3ria abordada no filme \u00e9 ambientada na cidade grande, no espa\u00e7o urbano. O objetivo central foi o de trabalhar com as id\u00e9ias de impossibilidade, de afastamento, de falta de perspectivas decorrentes da vida urbana, sua fragmenta\u00e7\u00e3o e fugacidade.<\/p>\n<p>A concep\u00e7\u00e3o de dire\u00e7\u00e3o pensada para este curta-metragem planejou o uso freq\u00fcente de planos longos, sempre utilizando trip\u00e9 ou trilho, usando o recurso de c\u00e2mera na m\u00e3o em uma \u00fanica cena. Trabalhou tamb\u00e9m com a id\u00e9ia de uma narrativa\u00a0que visava estimular a participa\u00e7\u00e3o do espectador com suas experi\u00eancias singulares.<\/p>\n<p>Devido a mudan\u00e7as e fal\u00eancia da maioria dos laborat\u00f3rios que\u00a0finalizavam filmes em 16mm, ficou imposs\u00edvel a finaliza\u00e7\u00e3o nesse suporte. Al\u00e9m disso os efeitos que foram aplicados (como na cena das duas mulheres) encareceria muito\u00a0o processo. Por isso o curta-metragem foi finalizado em formato digital.<\/p>\n<p><iframe loading=\"lazy\" src=\"https:\/\/www.youtube.com\/embed\/lo_qlmwZH9w\" width=\"420\" height=\"315\" frameborder=\"0\" allowfullscreen=\"allowfullscreen\"><\/iframe><\/p>\n<p>(todas as fotos de Gui Galembeck)<\/p>\n<p><a href=\"http:\/\/primaverafilmes.com.br\/site\/wp-content\/uploads\/2012\/12\/imagem-11.jpg\"><img loading=\"lazy\" decoding=\"async\" class=\"alignnone size-medium wp-image-51\" src=\"http:\/\/primaverafilmes.com.br\/site\/wp-content\/uploads\/2012\/12\/imagem-11-215x300.jpg\" alt=\"Noticia HC 1\" width=\"215\" height=\"300\" srcset=\"http:\/\/primaverafilmes.com.br\/site\/wp-content\/uploads\/2012\/12\/imagem-11-215x300.jpg 215w, http:\/\/primaverafilmes.com.br\/site\/wp-content\/uploads\/2012\/12\/imagem-11.jpg 591w\" sizes=\"auto, (max-width: 215px) 100vw, 215px\" \/><\/a><\/p>\n<p><a href=\"http:\/\/primaverafilmes.com.br\/site\/wp-content\/uploads\/2012\/12\/imagem-2.jpg\"><img loading=\"lazy\" decoding=\"async\" class=\"alignnone size-medium wp-image-52\" src=\"http:\/\/primaverafilmes.com.br\/site\/wp-content\/uploads\/2012\/12\/imagem-2-215x300.jpg\" alt=\"noticia HC 2\" width=\"215\" height=\"300\" srcset=\"http:\/\/primaverafilmes.com.br\/site\/wp-content\/uploads\/2012\/12\/imagem-2-215x300.jpg 215w, http:\/\/primaverafilmes.com.br\/site\/wp-content\/uploads\/2012\/12\/imagem-2.jpg 591w\" sizes=\"auto, (max-width: 215px) 100vw, 215px\" \/><\/a><\/p>\n<p>&nbsp;<\/p>\n","protected":false},"excerpt":{"rendered":"<p>\u00c9 de repente que se sente. Mas a sensa\u00e7\u00e3o j\u00e1 vinha de antes, como a \u00e1gua do mar vai invadindo a areia, onda ap\u00f3s onda, e depois de uma seq\u00fc\u00eancia de ondas parecidas uma vaga te pega desprevenido deitado na beira da praia, onde durante muito tempo esteve seco, seguro. Essa sensa\u00e7\u00e3o de absurdo, de [&hellip;]<\/p>\n","protected":false},"author":1,"featured_media":0,"parent":48,"menu_order":0,"comment_status":"closed","ping_status":"closed","template":"page-full-width.php","meta":{"footnotes":""},"class_list":["post-224","page","type-page","status-publish","hentry"],"_links":{"self":[{"href":"http:\/\/primaverafilmes.com.br\/site\/wp-json\/wp\/v2\/pages\/224","targetHints":{"allow":["GET"]}}],"collection":[{"href":"http:\/\/primaverafilmes.com.br\/site\/wp-json\/wp\/v2\/pages"}],"about":[{"href":"http:\/\/primaverafilmes.com.br\/site\/wp-json\/wp\/v2\/types\/page"}],"author":[{"embeddable":true,"href":"http:\/\/primaverafilmes.com.br\/site\/wp-json\/wp\/v2\/users\/1"}],"replies":[{"embeddable":true,"href":"http:\/\/primaverafilmes.com.br\/site\/wp-json\/wp\/v2\/comments?post=224"}],"version-history":[{"count":1,"href":"http:\/\/primaverafilmes.com.br\/site\/wp-json\/wp\/v2\/pages\/224\/revisions"}],"predecessor-version":[{"id":415,"href":"http:\/\/primaverafilmes.com.br\/site\/wp-json\/wp\/v2\/pages\/224\/revisions\/415"}],"up":[{"embeddable":true,"href":"http:\/\/primaverafilmes.com.br\/site\/wp-json\/wp\/v2\/pages\/48"}],"wp:attachment":[{"href":"http:\/\/primaverafilmes.com.br\/site\/wp-json\/wp\/v2\/media?parent=224"}],"curies":[{"name":"wp","href":"https:\/\/api.w.org\/{rel}","templated":true}]}}