{"id":111,"date":"2012-12-04T20:35:25","date_gmt":"2012-12-04T20:35:25","guid":{"rendered":"http:\/\/primaverafilmes.wordpress.com\/?page_id=111"},"modified":"2017-09-08T01:14:36","modified_gmt":"2017-09-08T01:14:36","slug":"projeto-grafico","status":"publish","type":"page","link":"http:\/\/primaverafilmes.com.br\/site\/projetos\/projeto-grafico\/","title":{"rendered":"Projetos gr\u00e1ficos"},"content":{"rendered":"<p style=\"text-align: center;\"><strong>Jene ram\u00ffjwena juru pytsaret &#8220;O que habitava a boca de nossos ancestrais&#8221;\u00a0 de Lucy Seki<\/strong>\u00a0&#8211;<strong>\u00a0Coordena\u00e7\u00e3o editorial, \u00a0projeto gr\u00e1fico de capa e miolo<\/strong><\/p>\n<div data-url=\"https:\/\/issuu.com\/primavera.\/docs\/o_que_habitava_a_boca_de_nossos_ancestrais\" style=\"width: 1200px; height: 744px;\" class=\"issuuembed\"><\/div>\n<p><script type=\"text\/javascript\" src=\"\/\/e.issuu.com\/embed.js\" async=\"true\"><\/script><\/p>\n<p style=\"text-align: center;\"><strong>Cat\u00e1logo e material gr\u00e1fico Mostra Tesouro Escondido : A Pintura Popular Brasileira<\/strong><\/p>\n<div data-url=\"https:\/\/issuu.com\/primavera.\/docs\/catalogo_tesouro_escondido_web\" style=\"width: 1200px; height: 548px;\" class=\"issuuembed\"><\/div>\n<p><script type=\"text\/javascript\" src=\"\/\/e.issuu.com\/embed.js\" async=\"true\"><\/script><\/p>\n<p>&nbsp;<\/p>\n<p>&nbsp;<\/p>\n<p style=\"text-align: center;\"><strong>Liames: L\u00ednguas Ind\u00edgenas Americanas<\/strong><\/p>\n<p style=\"text-align: center;\"><strong>projeto gr\u00e1fico de capa e ilustra\u00e7\u00f5es de capa (Liames 1,2,3,4,5,6,7,8,9 e 10)<\/strong><\/p>\n<p style=\"text-align: center;\"><a href=\"http:\/\/celiaharumi.files.wordpress.com\/2010\/07\/liames-1-2001-projeto-grafico-e-capa.jpg\"><img loading=\"lazy\" decoding=\"async\" title=\"capa5\" src=\"http:\/\/celiaharumi.files.wordpress.com\/2010\/07\/liames-1-2001-projeto-grafico-e-capa.jpg?w=300\" alt=\"\" width=\"300\" height=\"208\" \/><\/a><\/p>\n<p style=\"text-align: center;\"><a href=\"http:\/\/celiaharumi.files.wordpress.com\/2010\/07\/liames-5-2005-projeto-grafico-e-capa.jpg\"><img loading=\"lazy\" decoding=\"async\" title=\"capa5\" src=\"http:\/\/celiaharumi.files.wordpress.com\/2010\/07\/liames-5-2005-projeto-grafico-e-capa.jpg?w=300\" alt=\"\" width=\"300\" height=\"208\" \/><\/a><\/p>\n<p style=\"text-align: center;\"><a href=\"http:\/\/celiaharumi.files.wordpress.com\/2010\/07\/liames-6-2006-projeto-grafico-e-capa.jpg\"><img loading=\"lazy\" decoding=\"async\" title=\"capa 6\" src=\"http:\/\/celiaharumi.files.wordpress.com\/2010\/07\/liames-6-2006-projeto-grafico-e-capa.jpg?w=300\" alt=\"\" width=\"300\" height=\"208\" \/><\/a><\/p>\n<p style=\"text-align: center;\"><strong>\u00a0<\/strong><\/p>\n<p style=\"text-align: center;\"><a href=\"http:\/\/celiaharumi.files.wordpress.com\/2010\/07\/capa-impessoal-final-citygraf-13-5.jpg\"><br \/>\n<\/a><strong>Gram\u00e1tica Kamaiur\u00e1 de Lucy Seki:\u00a0Projeto de capa<\/strong><\/p>\n<p style=\"text-align: center;\"><a href=\"http:\/\/celiaharumi.files.wordpress.com\/2010\/07\/gramatica-kamaiura.jpg\"><img loading=\"lazy\" decoding=\"async\" title=\"Gram\u00e1tica Kamaiur\u00e1\" src=\"http:\/\/celiaharumi.files.wordpress.com\/2010\/07\/gramatica-kamaiura.jpg?w=208\" alt=\"\" width=\"208\" height=\"300\" \/><\/a><\/p>\n<p style=\"text-align: center;\"><strong>Cartilha Tupari:\u00a0<\/strong><strong>Editora\u00e7\u00e3o e arte Final<\/strong><\/p>\n<p style=\"text-align: center;\"><a href=\"http:\/\/celiaharumi.files.wordpress.com\/2010\/07\/cartilha-tupari-2003-editoracao-e-arte-final.jpg\"><img loading=\"lazy\" decoding=\"async\" title=\"cartilha tupari 2003 editora\u00e7\u00e3o e arte final\" src=\"http:\/\/celiaharumi.files.wordpress.com\/2010\/07\/cartilha-tupari-2003-editoracao-e-arte-final.jpg?w=235\" alt=\"\" width=\"235\" height=\"300\" \/><\/a><\/p>\n<p style=\"text-align: center;\"><strong>Aqui. Amanh\u00e3. Nesse mesmo lugar de S\u00e9rgio Puccini:\u00a0<\/strong><strong>Diagrama\u00e7\u00e3o<\/strong><\/p>\n<p style=\"text-align: center;\"><a href=\"http:\/\/celiaharumi.files.wordpress.com\/2010\/07\/amanha-aqui-nesse-mesmo-lugar-diagramacao.gif\"><img loading=\"lazy\" decoding=\"async\" title=\"amanha.aqui.nesse mesmo lugar. diagrama\u00e7\u00e3o\" src=\"http:\/\/celiaharumi.files.wordpress.com\/2010\/07\/amanha-aqui-nesse-mesmo-lugar-diagramacao.gif?w=204\" alt=\"\" width=\"204\" height=\"300\" \/><\/a><\/p>\n<p style=\"text-align: center;\"><strong>Dos olhos pra fora mora a liberdade de Casulo:<\/strong>\u00a0<strong>editora\u00e7\u00e3o e arte final<\/strong><\/p>\n<p style=\"text-align: center;\"><a href=\"http:\/\/celiaharumi.files.wordpress.com\/2010\/07\/casulo-capa-14x2177-orelhas27-11.jpg\"><img loading=\"lazy\" decoding=\"async\" title=\"CASULO capa 14x21+7+7 orelhas27.11\" src=\"http:\/\/celiaharumi.files.wordpress.com\/2010\/07\/casulo-capa-14x2177-orelhas27-11.jpg?w=300\" alt=\"\" width=\"300\" height=\"156\" \/><\/a><\/p>\n<p style=\"text-align: center;\"><strong>Meninos do Brasil de M\u00e1rcio Batista:<\/strong>\u00a0<strong>Editora\u00e7\u00e3o<\/strong><\/p>\n<p style=\"text-align: center;\"><a href=\"http:\/\/celiaharumi.files.wordpress.com\/2010\/07\/postal-frente.jpg\"><img loading=\"lazy\" decoding=\"async\" title=\"postal frente\" src=\"http:\/\/celiaharumi.files.wordpress.com\/2010\/07\/postal-frente.jpg?w=213\" alt=\"\" width=\"213\" height=\"300\" \/><\/a><\/p>\n<p style=\"text-align: center;\"><strong>Revista dos alunos de P\u00f3s-Gradua\u00e7\u00e3o do Instituto de Filosofia e Ci\u00eancias Humanas:\u00a0<\/strong><strong>diagrama\u00e7\u00e3o<\/strong><\/p>\n<p style=\"text-align: center;\"><a href=\"http:\/\/celiaharumi.files.wordpress.com\/2010\/07\/revista-da-ass-dos-alunos-de-posgraduacao-do-ifch-2003-projeto-grafico-capa-diagramacao1.jpg\"><img loading=\"lazy\" decoding=\"async\" title=\"revista da ass. dos alunos de p\u00f3sgradua\u00e7\u00e3o do IFCH 2003 projeto grafico. capa. diagrama\u00e7\u00e3o\" src=\"http:\/\/celiaharumi.files.wordpress.com\/2010\/07\/revista-da-ass-dos-alunos-de-posgraduacao-do-ifch-2003-projeto-grafico-capa-diagramacao1.jpg?w=218\" alt=\"\" width=\"218\" height=\"300\" \/><\/a><\/p>\n","protected":false},"excerpt":{"rendered":"<p>Jene ram\u00ffjwena juru pytsaret &#8220;O que habitava a boca de nossos ancestrais&#8221;\u00a0 de Lucy Seki\u00a0&#8211;\u00a0Coordena\u00e7\u00e3o editorial, \u00a0projeto gr\u00e1fico de capa e miolo Cat\u00e1logo e material gr\u00e1fico Mostra Tesouro Escondido : A Pintura Popular Brasileira &nbsp; &nbsp; Liames: L\u00ednguas Ind\u00edgenas Americanas projeto gr\u00e1fico de capa e ilustra\u00e7\u00f5es de capa (Liames 1,2,3,4,5,6,7,8,9 e 10) \u00a0 Gram\u00e1tica Kamaiur\u00e1 [&hellip;]<\/p>\n","protected":false},"author":1,"featured_media":0,"parent":41,"menu_order":8,"comment_status":"closed","ping_status":"closed","template":"","meta":{"footnotes":""},"class_list":["post-111","page","type-page","status-publish","hentry"],"_links":{"self":[{"href":"http:\/\/primaverafilmes.com.br\/site\/wp-json\/wp\/v2\/pages\/111","targetHints":{"allow":["GET"]}}],"collection":[{"href":"http:\/\/primaverafilmes.com.br\/site\/wp-json\/wp\/v2\/pages"}],"about":[{"href":"http:\/\/primaverafilmes.com.br\/site\/wp-json\/wp\/v2\/types\/page"}],"author":[{"embeddable":true,"href":"http:\/\/primaverafilmes.com.br\/site\/wp-json\/wp\/v2\/users\/1"}],"replies":[{"embeddable":true,"href":"http:\/\/primaverafilmes.com.br\/site\/wp-json\/wp\/v2\/comments?post=111"}],"version-history":[{"count":2,"href":"http:\/\/primaverafilmes.com.br\/site\/wp-json\/wp\/v2\/pages\/111\/revisions"}],"predecessor-version":[{"id":2473,"href":"http:\/\/primaverafilmes.com.br\/site\/wp-json\/wp\/v2\/pages\/111\/revisions\/2473"}],"up":[{"embeddable":true,"href":"http:\/\/primaverafilmes.com.br\/site\/wp-json\/wp\/v2\/pages\/41"}],"wp:attachment":[{"href":"http:\/\/primaverafilmes.com.br\/site\/wp-json\/wp\/v2\/media?parent=111"}],"curies":[{"name":"wp","href":"https:\/\/api.w.org\/{rel}","templated":true}]}}